{"id":3212,"date":"2016-11-03T10:57:11","date_gmt":"2016-11-03T09:57:11","guid":{"rendered":"https:\/\/www.initiatives-coeur.fr\/actus\/?page_id=3212"},"modified":"2019-11-04T10:44:23","modified_gmt":"2019-11-04T09:44:23","slug":"live-initiatives-coeur","status":"publish","type":"page","link":"https:\/\/www.initiatives-coeur.fr\/actus\/live-initiatives-coeur","title":{"rendered":"Le Live initiatives-coeur : Un dispositif innovant et exclusif"},"content":{"rendered":"<p class=\"chapeau\">Initiatives-c\u0153ur, le bateau le plus connect\u00e9 de la flotte des Imoca . Il est aussi le seul \u00e0 \u00a0proposer un suivi en temps r\u00e9el 24h sur 24 avec une reconstitution 3D du bateau et de son environnement en fonction des donn\u00e9es r\u00e9elles de navigation du bateau et des informations envoy\u00e9es par Sam Davies. Le live propose \u00e9galement une cartographie enrichie et interactive pour suivre tous les concurrents et mieux comprendre et d\u00e9couvrir les oc\u00e9ans \u00e0 l&rsquo;\u00e9chelle du globe.<\/p>\n<h2>Un tuto pour connaitre les outils du live<\/h2>\n<p><iframe loading=\"lazy\" src=\"https:\/\/www.youtube.com\/embed\/N4iQJCky-uY\" width=\"560\" height=\"315\" frameborder=\"0\" allowfullscreen=\"allowfullscreen\"><\/iframe><\/p>\n<h2>La vue 3D<\/h2>\n<p>Elle est reconstitu\u00e9e \u00e0 partir des v\u00e9ritables donn\u00e9es envoy\u00e9es par la centrale de navigation du bateau et par Samantha Davies<\/p>\n<p>. La vitesse du bateau, la g\u00eete (inclinaison cr\u00e9\u00e9e par le vent) les voiles utilis\u00e9es, la direction du vent, le cycle du jour et de la nuit et la m\u00e9t\u00e9o correspondent \u00e0 la situation r\u00e9elle.<\/p>\n<p><a href=\"https:\/\/www.initiatives-coeur.fr\/actus\/wp-content\/uploads\/2019\/10\/Vue-3D-du-Live-1.jpg\"><img loading=\"lazy\" decoding=\"async\" class=\"wp-image-4842 aligncenter\" src=\"https:\/\/www.initiatives-coeur.fr\/actus\/wp-content\/uploads\/2019\/10\/Vue-3D-du-Live-1-940x588.jpg\" alt=\"\" width=\"1164\" height=\"728\" \/><\/a><\/p>\n<h2><\/h2>\n<table style=\"width: 931px;\">\n<tbody>\n<tr>\n<td style=\"width: 296px;\">\n<h2>La carte g\u00e9ographie<\/h2>\n<p><img loading=\"lazy\" decoding=\"async\" class=\"alignnone wp-image-3274\" src=\"https:\/\/www.initiatives-coeur.fr\/actus\/wp-content\/uploads\/2016\/11\/geographie.png\" alt=\"geographie\" width=\"302\" height=\"202\" \/><\/p>\n<p>Une pr\u00e9sentation sobre mais d\u00e9taill\u00e9e d\u00e9di\u00e9e \u00e0 la localisation des bateaux. A port\u00e9e de souris : la distance de tous les points du globe (et donc des concurrents) au bateau initiatives-coeur.<\/td>\n<td style=\"width: 296px;\">\n<h2>La carte relief<\/h2>\n<p><img loading=\"lazy\" decoding=\"async\" class=\"alignnone wp-image-3277\" src=\"https:\/\/www.initiatives-coeur.fr\/actus\/wp-content\/uploads\/2016\/11\/relief.png\" alt=\"relief\" width=\"308\" height=\"205\" \/><\/p>\n<p>Une pr\u00e9sentation d\u00e9di\u00e9e \u00e0 l&rsquo;exploration du relief sous-marins. Quelle profondeur d&rsquo;eau sous les bateaux ? La r\u00e9ponse \u00e0 port\u00e9e de souris.<\/td>\n<td style=\"width: 301px;\">\n<h2>La carte des vents<\/h2>\n<p><img loading=\"lazy\" decoding=\"async\" class=\"alignnone wp-image-3278\" src=\"https:\/\/www.initiatives-coeur.fr\/actus\/wp-content\/uploads\/2016\/11\/vent.png\" alt=\"vent\" width=\"306\" height=\"204\" \/><\/p>\n<p>Une carte qui repr\u00e9sente la force et la direction des vents partout sur le globe avec des pr\u00e9visions pour les prochaines 48 heures.<\/td>\n<\/tr>\n<\/tbody>\n<\/table>\n<p><a href=\"https:\/\/www.initiatives-coeur.fr\/actus\/wp-content\/uploads\/2019\/10\/Carte-du-Live.jpg\"><img loading=\"lazy\" decoding=\"async\" class=\"alignnone size-large wp-image-4843\" src=\"https:\/\/www.initiatives-coeur.fr\/actus\/wp-content\/uploads\/2019\/10\/Carte-du-Live-940x804.jpg\" alt=\"\" width=\"940\" height=\"804\" \/><\/a><\/p>\n<p>&nbsp;<\/p>\n","protected":false},"excerpt":{"rendered":"<p>Initiatives-c\u0153ur, le bateau le plus connect\u00e9 de la flotte des Imoca . Il est aussi le seul \u00e0 \u00a0proposer un suivi en temps r\u00e9el 24h sur 24 avec une reconstitution 3D du bateau et de son environnement en fonction des donn\u00e9es r\u00e9elles de navigation du bateau et des informations envoy\u00e9es par Sam Davies. Le live &hellip; <a href=\"https:\/\/www.initiatives-coeur.fr\/actus\/live-initiatives-coeur\" class=\"more-link\">Continuer la lecture<span class=\"screen-reader-text\"> de &laquo;&nbsp;Le Live initiatives-coeur : Un dispositif innovant et exclusif&nbsp;&raquo;<\/span><\/a><\/p>\n","protected":false},"author":1,"featured_media":0,"parent":0,"menu_order":0,"comment_status":"closed","ping_status":"closed","template":"","meta":{"footnotes":""},"class_list":["post-3212","page","type-page","status-publish","hentry"],"yoast_head":"<!-- This site is optimized with the Yoast SEO plugin v26.0 - https:\/\/yoast.com\/wordpress\/plugins\/seo\/ -->\n<title>Le Live initiatives-coeur : Un dispositif innovant et exclusif - Initiatives C\u0153ur<\/title>\n<meta name=\"robots\" content=\"index, follow, max-snippet:-1, max-image-preview:large, max-video-preview:-1\" \/>\n<link rel=\"canonical\" href=\"https:\/\/www.initiatives-coeur.fr\/actus\/live-initiatives-coeur\" \/>\n<meta property=\"og:locale\" content=\"fr_FR\" \/>\n<meta property=\"og:type\" content=\"article\" \/>\n<meta property=\"og:title\" content=\"Le Live initiatives-coeur : Un dispositif innovant et exclusif - Initiatives C\u0153ur\" \/>\n<meta property=\"og:description\" content=\"Initiatives-c\u0153ur, le bateau le plus connect\u00e9 de la flotte des Imoca . Il est aussi le seul \u00e0 \u00a0proposer un suivi en temps r\u00e9el 24h sur 24 avec une reconstitution 3D du bateau et de son environnement en fonction des donn\u00e9es r\u00e9elles de navigation du bateau et des informations envoy\u00e9es par Sam Davies. Le live &hellip; Continuer la lecture de &laquo;&nbsp;Le Live initiatives-coeur : Un dispositif innovant et exclusif&nbsp;&raquo;\" \/>\n<meta property=\"og:url\" content=\"https:\/\/www.initiatives-coeur.fr\/actus\/live-initiatives-coeur\" \/>\n<meta property=\"og:site_name\" content=\"Initiatives C\u0153ur\" \/>\n<meta property=\"article:modified_time\" content=\"2019-11-04T09:44:23+00:00\" \/>\n<meta property=\"og:image\" content=\"https:\/\/www.initiatives-coeur.fr\/actus\/wp-content\/uploads\/2019\/10\/Vue-3D-du-Live-1-940x588.jpg\" \/>\n<meta name=\"twitter:card\" content=\"summary_large_image\" \/>\n<meta name=\"twitter:label1\" content=\"Dur\u00e9e de lecture estim\u00e9e\" \/>\n\t<meta name=\"twitter:data1\" content=\"1 minute\" \/>\n<script type=\"application\/ld+json\" class=\"yoast-schema-graph\">{\"@context\":\"https:\/\/schema.org\",\"@graph\":[{\"@type\":\"WebPage\",\"@id\":\"https:\/\/www.initiatives-coeur.fr\/actus\/live-initiatives-coeur\",\"url\":\"https:\/\/www.initiatives-coeur.fr\/actus\/live-initiatives-coeur\",\"name\":\"Le Live initiatives-coeur : Un dispositif innovant et exclusif - Initiatives C\u0153ur\",\"isPartOf\":{\"@id\":\"https:\/\/www.initiatives-coeur.fr\/actus\/#website\"},\"primaryImageOfPage\":{\"@id\":\"https:\/\/www.initiatives-coeur.fr\/actus\/live-initiatives-coeur#primaryimage\"},\"image\":{\"@id\":\"https:\/\/www.initiatives-coeur.fr\/actus\/live-initiatives-coeur#primaryimage\"},\"thumbnailUrl\":\"https:\/\/www.initiatives-coeur.fr\/actus\/wp-content\/uploads\/2019\/10\/Vue-3D-du-Live-1-940x588.jpg\",\"datePublished\":\"2016-11-03T09:57:11+00:00\",\"dateModified\":\"2019-11-04T09:44:23+00:00\",\"breadcrumb\":{\"@id\":\"https:\/\/www.initiatives-coeur.fr\/actus\/live-initiatives-coeur#breadcrumb\"},\"inLanguage\":\"fr-FR\",\"potentialAction\":[{\"@type\":\"ReadAction\",\"target\":[\"https:\/\/www.initiatives-coeur.fr\/actus\/live-initiatives-coeur\"]}]},{\"@type\":\"ImageObject\",\"inLanguage\":\"fr-FR\",\"@id\":\"https:\/\/www.initiatives-coeur.fr\/actus\/live-initiatives-coeur#primaryimage\",\"url\":\"https:\/\/www.initiatives-coeur.fr\/actus\/wp-content\/uploads\/2019\/10\/Vue-3D-du-Live-1.jpg\",\"contentUrl\":\"https:\/\/www.initiatives-coeur.fr\/actus\/wp-content\/uploads\/2019\/10\/Vue-3D-du-Live-1.jpg\",\"width\":2486,\"height\":1556},{\"@type\":\"BreadcrumbList\",\"@id\":\"https:\/\/www.initiatives-coeur.fr\/actus\/live-initiatives-coeur#breadcrumb\",\"itemListElement\":[{\"@type\":\"ListItem\",\"position\":1,\"name\":\"Accueil\",\"item\":\"https:\/\/initiatives-coeur.fr\/actus\"},{\"@type\":\"ListItem\",\"position\":2,\"name\":\"Le Live initiatives-coeur : Un dispositif innovant et exclusif\"}]},{\"@type\":\"WebSite\",\"@id\":\"https:\/\/www.initiatives-coeur.fr\/actus\/#website\",\"url\":\"https:\/\/www.initiatives-coeur.fr\/actus\/\",\"name\":\"Initiatives C\u0153ur\",\"description\":\"Actualit\u00e9s\",\"potentialAction\":[{\"@type\":\"SearchAction\",\"target\":{\"@type\":\"EntryPoint\",\"urlTemplate\":\"https:\/\/www.initiatives-coeur.fr\/actus\/?s={search_term_string}\"},\"query-input\":{\"@type\":\"PropertyValueSpecification\",\"valueRequired\":true,\"valueName\":\"search_term_string\"}}],\"inLanguage\":\"fr-FR\"}]}<\/script>\n<!-- \/ Yoast SEO plugin. -->","yoast_head_json":{"title":"Le Live initiatives-coeur : Un dispositif innovant et exclusif - Initiatives C\u0153ur","robots":{"index":"index","follow":"follow","max-snippet":"max-snippet:-1","max-image-preview":"max-image-preview:large","max-video-preview":"max-video-preview:-1"},"canonical":"https:\/\/www.initiatives-coeur.fr\/actus\/live-initiatives-coeur","og_locale":"fr_FR","og_type":"article","og_title":"Le Live initiatives-coeur : Un dispositif innovant et exclusif - Initiatives C\u0153ur","og_description":"Initiatives-c\u0153ur, le bateau le plus connect\u00e9 de la flotte des Imoca . Il est aussi le seul \u00e0 \u00a0proposer un suivi en temps r\u00e9el 24h sur 24 avec une reconstitution 3D du bateau et de son environnement en fonction des donn\u00e9es r\u00e9elles de navigation du bateau et des informations envoy\u00e9es par Sam Davies. Le live &hellip; Continuer la lecture de &laquo;&nbsp;Le Live initiatives-coeur : Un dispositif innovant et exclusif&nbsp;&raquo;","og_url":"https:\/\/www.initiatives-coeur.fr\/actus\/live-initiatives-coeur","og_site_name":"Initiatives C\u0153ur","article_modified_time":"2019-11-04T09:44:23+00:00","og_image":[{"url":"https:\/\/www.initiatives-coeur.fr\/actus\/wp-content\/uploads\/2019\/10\/Vue-3D-du-Live-1-940x588.jpg","type":"","width":"","height":""}],"twitter_card":"summary_large_image","twitter_misc":{"Dur\u00e9e de lecture estim\u00e9e":"1 minute"},"schema":{"@context":"https:\/\/schema.org","@graph":[{"@type":"WebPage","@id":"https:\/\/www.initiatives-coeur.fr\/actus\/live-initiatives-coeur","url":"https:\/\/www.initiatives-coeur.fr\/actus\/live-initiatives-coeur","name":"Le Live initiatives-coeur : Un dispositif innovant et exclusif - Initiatives C\u0153ur","isPartOf":{"@id":"https:\/\/www.initiatives-coeur.fr\/actus\/#website"},"primaryImageOfPage":{"@id":"https:\/\/www.initiatives-coeur.fr\/actus\/live-initiatives-coeur#primaryimage"},"image":{"@id":"https:\/\/www.initiatives-coeur.fr\/actus\/live-initiatives-coeur#primaryimage"},"thumbnailUrl":"https:\/\/www.initiatives-coeur.fr\/actus\/wp-content\/uploads\/2019\/10\/Vue-3D-du-Live-1-940x588.jpg","datePublished":"2016-11-03T09:57:11+00:00","dateModified":"2019-11-04T09:44:23+00:00","breadcrumb":{"@id":"https:\/\/www.initiatives-coeur.fr\/actus\/live-initiatives-coeur#breadcrumb"},"inLanguage":"fr-FR","potentialAction":[{"@type":"ReadAction","target":["https:\/\/www.initiatives-coeur.fr\/actus\/live-initiatives-coeur"]}]},{"@type":"ImageObject","inLanguage":"fr-FR","@id":"https:\/\/www.initiatives-coeur.fr\/actus\/live-initiatives-coeur#primaryimage","url":"https:\/\/www.initiatives-coeur.fr\/actus\/wp-content\/uploads\/2019\/10\/Vue-3D-du-Live-1.jpg","contentUrl":"https:\/\/www.initiatives-coeur.fr\/actus\/wp-content\/uploads\/2019\/10\/Vue-3D-du-Live-1.jpg","width":2486,"height":1556},{"@type":"BreadcrumbList","@id":"https:\/\/www.initiatives-coeur.fr\/actus\/live-initiatives-coeur#breadcrumb","itemListElement":[{"@type":"ListItem","position":1,"name":"Accueil","item":"https:\/\/initiatives-coeur.fr\/actus"},{"@type":"ListItem","position":2,"name":"Le Live initiatives-coeur : Un dispositif innovant et exclusif"}]},{"@type":"WebSite","@id":"https:\/\/www.initiatives-coeur.fr\/actus\/#website","url":"https:\/\/www.initiatives-coeur.fr\/actus\/","name":"Initiatives C\u0153ur","description":"Actualit\u00e9s","potentialAction":[{"@type":"SearchAction","target":{"@type":"EntryPoint","urlTemplate":"https:\/\/www.initiatives-coeur.fr\/actus\/?s={search_term_string}"},"query-input":{"@type":"PropertyValueSpecification","valueRequired":true,"valueName":"search_term_string"}}],"inLanguage":"fr-FR"}]}},"_links":{"self":[{"href":"https:\/\/www.initiatives-coeur.fr\/actus\/wp-json\/wp\/v2\/pages\/3212","targetHints":{"allow":["GET"]}}],"collection":[{"href":"https:\/\/www.initiatives-coeur.fr\/actus\/wp-json\/wp\/v2\/pages"}],"about":[{"href":"https:\/\/www.initiatives-coeur.fr\/actus\/wp-json\/wp\/v2\/types\/page"}],"author":[{"embeddable":true,"href":"https:\/\/www.initiatives-coeur.fr\/actus\/wp-json\/wp\/v2\/users\/1"}],"replies":[{"embeddable":true,"href":"https:\/\/www.initiatives-coeur.fr\/actus\/wp-json\/wp\/v2\/comments?post=3212"}],"version-history":[{"count":20,"href":"https:\/\/www.initiatives-coeur.fr\/actus\/wp-json\/wp\/v2\/pages\/3212\/revisions"}],"predecessor-version":[{"id":4922,"href":"https:\/\/www.initiatives-coeur.fr\/actus\/wp-json\/wp\/v2\/pages\/3212\/revisions\/4922"}],"wp:attachment":[{"href":"https:\/\/www.initiatives-coeur.fr\/actus\/wp-json\/wp\/v2\/media?parent=3212"}],"curies":[{"name":"wp","href":"https:\/\/api.w.org\/{rel}","templated":true}]}}